{"id":5217,"date":"2020-07-27T15:24:11","date_gmt":"2020-07-27T13:24:11","guid":{"rendered":"https:\/\/beta.innoco.no\/wp\/?page_id=5217"},"modified":"2020-09-26T13:09:49","modified_gmt":"2020-09-26T11:09:49","slug":"foredrag","status":"publish","type":"page","link":"https:\/\/www.innoco.no\/wp\/foredrag\/","title":{"rendered":"Foredrag og sprint"},"content":{"rendered":"\n<div class=\"wp-block-columns\">\n<div class=\"wp-block-column\">\n<h2>Foredrag<\/h2>\n\n\n\n<p>Allerede som 16-\u00e5ring i 1977 kj\u00f8pte Sjur en bok om taleteknikk. Hjemme p\u00e5 Dagestad mek. skrudde han opp den st\u00f8yende fyrkjelen for \u00e5 trene p\u00e5 tydelig og klar uttale. Inspiratoren var den greske filosofen Demosthenes som puttet stein i munnen for \u00e5 trene p\u00e5 \u00e5 bli en god taler. Som student ble Sjur grovismester i 1985 p\u00e5 NTH. I dag er vi et milj\u00f8 som gj\u00f8r v\u00e5rt ytterste p\u00e5 \u00e5 levere gode foredrag. Vi f\u00e5r av og til sp\u00f8rsm\u00e5l om vi leverer stand-up. Det gj\u00f8r vi ikke. Vi kan derimot friste med en innovasjonsprofessor som snakker slik som stand up-komikere\u00a0gj\u00f8r. Du treffer ham p\u00e5 tlf. <a href=\"tlf:004797759104\"><strong>977 59 104<\/strong>.<\/a><\/p>\n<\/div>\n\n\n\n<div class=\"wp-block-column\">\n<h2>Sprint<\/h2>\n\n\n\n<p>Siden starten i 2003 har vi levert ulike typer innovasjonssprint: Skreddersydde sprinter og ferdigsnekrede sprinter. Google Sprint er ett eksempel p\u00e5 en 5 dagers ferdigsnekret sprint (eller workshop, hvis du foretrekker\u00a0den &#8216;gamle&#8217;\u00a0 betegnelsen). P\u00e5 det meste har vi v\u00e6rt oppe i 60 sprinter i l\u00f8pet av ett \u00e5r.\u00a0En av de viktigste tingene bak en vellykket sprint er god forberedelse. Vi har v\u00e6rt ute noen vinternetter og sprintet. Ta gjerne kontakt, dersom du har et ul\u00f8st problem. Vi biter ikke i utide.<\/p>\n<\/div>\n<\/div>\n\n\n\n<div style=\"height:141px\" aria-hidden=\"true\" class=\"wp-block-spacer\"><\/div>\n\n\n\n<div class=\"wp-block-columns\">\n<div class=\"wp-block-column\"><\/div>\n\n\n\n<div class=\"wp-block-column\"><\/div>\n<\/div>\n","protected":false},"excerpt":{"rendered":"<p>Foredrag Allerede som 16-\u00e5ring i 1977 kj\u00f8pte Sjur en bok om taleteknikk. Hjemme p\u00e5 Dagestad mek. skrudde han opp den st\u00f8yende fyrkjelen for \u00e5 trene p\u00e5 tydelig og&hellip;<\/p>\n","protected":false},"author":103,"featured_media":0,"parent":0,"menu_order":0,"comment_status":"closed","ping_status":"closed","template":"","meta":{"spay_email":""},"_links":{"self":[{"href":"https:\/\/www.innoco.no\/wp\/wp-json\/wp\/v2\/pages\/5217"}],"collection":[{"href":"https:\/\/www.innoco.no\/wp\/wp-json\/wp\/v2\/pages"}],"about":[{"href":"https:\/\/www.innoco.no\/wp\/wp-json\/wp\/v2\/types\/page"}],"author":[{"embeddable":true,"href":"https:\/\/www.innoco.no\/wp\/wp-json\/wp\/v2\/users\/103"}],"replies":[{"embeddable":true,"href":"https:\/\/www.innoco.no\/wp\/wp-json\/wp\/v2\/comments?post=5217"}],"version-history":[{"count":9,"href":"https:\/\/www.innoco.no\/wp\/wp-json\/wp\/v2\/pages\/5217\/revisions"}],"predecessor-version":[{"id":5293,"href":"https:\/\/www.innoco.no\/wp\/wp-json\/wp\/v2\/pages\/5217\/revisions\/5293"}],"wp:attachment":[{"href":"https:\/\/www.innoco.no\/wp\/wp-json\/wp\/v2\/media?parent=5217"}],"curies":[{"name":"wp","href":"https:\/\/api.w.org\/{rel}","templated":true}]}}